{"id":3,"date":"2025-12-30T15:41:53","date_gmt":"2025-12-30T15:41:53","guid":{"rendered":"https:\/\/humusguru.com\/?page_id=3"},"modified":"2026-04-29T08:22:20","modified_gmt":"2026-04-29T06:22:20","slug":"privacy-policy","status":"publish","type":"page","link":"https:\/\/humusguru.com\/en\/privacy-policy\/","title":{"rendered":"Datenschutzerkl\u00e4rung"},"content":{"rendered":"<h2 class=\"wp-block-heading\">1. Verantwortlicher<\/h2>\n\n\n\n<p>Verantwortlicher im Sinne der Datenschutz-Grundverordnung (DSGVO) ist:<\/p>\n\n\n\n<p><strong>Humusguru GmbH<\/strong><br>Werner-Baumbach-Stra\u00dfe 41<br>49661 Cloppenburg<br>Deutschland<\/p>\n\n\n\n<p>Gesch\u00e4ftsf\u00fchrer: Bernhard Aumann<br>E-Mail: info@humusguru.com<br>Telefon: +49 (0)4474 9495 50<\/p>\n\n\n\n<h2 class=\"wp-block-heading\">2. Allgemeine Hinweise zur Datenverarbeitung<\/h2>\n\n\n\n<p>Wir nehmen den Schutz Ihrer pers\u00f6nlichen Daten sehr ernst und behandeln Ihre personenbezogenen Daten vertraulich und entsprechend der gesetzlichen Datenschutzvorschriften sowie dieser Datenschutzerkl\u00e4rung. Die Nutzung unserer Website ist in der Regel ohne Angabe personenbezogener Daten m\u00f6glich.<\/p>\n\n\n\n<p>Soweit auf unseren Seiten personenbezogene Daten erhoben werden, erfolgt dies stets auf freiwilliger Basis. Diese Daten werden ohne Ihre ausdr\u00fcckliche Zustimmung nicht an Dritte weitergegeben. Wir weisen darauf hin, dass die Daten\u00fcbertragung im Internet Sicherheitsl\u00fccken aufweisen kann. Ein l\u00fcckenloser Schutz der Daten vor dem Zugriff durch Dritte ist nicht m\u00f6glich.<\/p>\n\n\n\n<h2 class=\"wp-block-heading\">3. Hosting<\/h2>\n\n\n\n<p>Diese Website wird bei STRATO gehostet. Der Hoster erhebt in sogenannten Logfiles folgende Daten, die Ihr Browser \u00fcbermittelt: IP-Adresse, Datum und Uhrzeit der Anfrage, Zeitzonendifferenz zur Greenwich Mean Time, Inhalt der Anforderung, HTTP-Statuscode, \u00fcbertragene Datenmenge, Website, von der die Anforderung kommt, sowie Browsertyp und -version und Betriebssystem.<\/p>\n\n\n\n<p>Dies ist erforderlich, um unsere Website anzuzeigen und die Stabilit\u00e4t und Sicherheit zu gew\u00e4hrleisten. Dies entspricht unserem berechtigten Interesse im Sinne des Art. 6 Abs. 1 S. 1 lit. f DSGVO. Es erfolgt kein Tracking und wir haben auf diese Daten keinen direkten Zugriff.<\/p>\n\n\n\n<h2 class=\"wp-block-heading\">4. Erhebung und Verarbeitung personenbezogener Daten<\/h2>\n\n\n\n<h3 class=\"wp-block-heading\">a) Beim Besuch der Website<\/h3>\n\n\n\n<p>Beim Aufrufen unserer Website werden durch den auf Ihrem Endger\u00e4t zum Einsatz kommenden Browser automatisch Informationen an den Server unserer Website gesendet. Diese Informationen werden tempor\u00e4r in einem sogenannten Logfile gespeichert. Folgende Informationen werden dabei ohne Ihr Zutun erfasst und bis zur automatisierten L\u00f6schung gespeichert: IP-Adresse des anfragenden Rechners, Datum und Uhrzeit des Zugriffs, Name und URL der abgerufenen Datei, Website, von der aus der Zugriff erfolgt (Referrer-URL), verwendeter Browser und ggf. das Betriebssystem Ihres Rechners sowie der Name Ihres Access-Providers.<\/p>\n\n\n\n<h3 class=\"wp-block-heading\">b) Bei Registrierung und Kursnutzung<\/h3>\n\n\n\n<p>Wenn Sie sich auf unserer Website registrieren oder einen Online-Kurs erwerben, erheben wir folgende Daten: Vor- und Nachname, E-Mail-Adresse, ggf. Rechnungsadresse und Zahlungsinformationen. Rechtsgrundlage f\u00fcr die Verarbeitung dieser Daten ist Art. 6 Abs. 1 S. 1 lit. b DSGVO (Vertragserf\u00fcllung) und Art. 6 Abs. 1 S. 1 lit. c DSGVO (gesetzliche Aufbewahrungspflichten).<\/p>\n\n\n\n<h3 class=\"wp-block-heading\">c) Bei Nutzung des Kontaktformulars<\/h3>\n\n\n\n<p>Bei Fragen jeglicher Art bieten wir Ihnen die M\u00f6glichkeit, mit uns \u00fcber ein auf der Website bereitgestelltes Formular Kontakt aufzunehmen. Dabei ist die Angabe einer g\u00fcltigen E-Mail-Adresse erforderlich, damit wir wissen, von wem die Anfrage stammt und um diese beantworten zu k\u00f6nnen. Die Verarbeitung der Daten erfolgt auf Grundlage von Art. 6 Abs. 1 S. 1 lit. f DSGVO (berechtigtes Interesse) bzw. Art. 6 Abs. 1 S. 1 lit. b DSGVO (vorvertragliche Ma\u00dfnahmen).<\/p>\n\n\n\n<h2 class=\"wp-block-heading\">5. Zahlungsabwicklung<\/h2>\n\n\n\n<p>Wir bieten die Zahlung per Bank\u00fcberweisung an. Bei der Zahlung per Bank\u00fcberweisung werden Ihre Zahlungsdaten (IBAN, Name des Kontoinhabers) ausschlie\u00dflich f\u00fcr die Abwicklung der Zahlung verwendet. Rechtsgrundlage ist Art. 6 Abs. 1 S. 1 lit. b DSGVO (Vertragserf\u00fcllung).<\/p>\n\n\n\n<h2 class=\"wp-block-heading\">6. Newsletter<\/h2>\n\n\n\n<p>Wenn Sie den auf der Website angebotenen Newsletter beziehen m\u00f6chten, ben\u00f6tigen wir von Ihnen eine E-Mail-Adresse. Die Anmeldung zu unserem Newsletter erfolgt im sogenannten Double-Opt-in-Verfahren. Nach der Anmeldung erhalten Sie eine E-Mail, in der Sie um die Best\u00e4tigung Ihrer Anmeldung gebeten werden. Die Verarbeitung erfolgt auf Grundlage Ihrer Einwilligung gem\u00e4\u00df Art. 6 Abs. 1 S. 1 lit. a DSGVO. Sie k\u00f6nnen Ihre Einwilligung jederzeit widerrufen, indem Sie den Newsletter abbestellen. Die Rechtm\u00e4\u00dfigkeit der bereits erfolgten Datenverarbeitung bleibt vom Widerruf unber\u00fchrt.<\/p>\n\n\n\n<h2 class=\"wp-block-heading\">7. Cookies<\/h2>\n\n\n\n<p>Unsere Internetseiten verwenden sogenannte Cookies. Cookies sind kleine Datenpakete und richten auf Ihrem Endger\u00e4t keinen Schaden an. Sie werden entweder vor\u00fcbergehend f\u00fcr die Dauer einer Sitzung (Session-Cookies) oder dauerhaft (permanente Cookies) auf Ihrem Endger\u00e4t gespeichert. Session-Cookies werden nach Ende Ihres Besuchs automatisch gel\u00f6scht. Permanente Cookies bleiben auf Ihrem Endger\u00e4t gespeichert, bis Sie diese selbst l\u00f6schen oder eine automatische L\u00f6schung durch Ihren Webbrowser erfolgt.<\/p>\n\n\n\n<p>Cookies, die zur Durchf\u00fchrung des elektronischen Kommunikationsvorgangs oder zur Bereitstellung bestimmter, von Ihnen erw\u00fcnschter Funktionen erforderlich sind, werden auf Grundlage von Art. 6 Abs. 1 S. 1 lit. f DSGVO gespeichert. Der Websitebetreiber hat ein berechtigtes Interesse an der Speicherung von Cookies zur technisch fehlerfreien und optimierten Bereitstellung seiner Dienste.<\/p>\n\n\n\n<h2 class=\"wp-block-heading\">8. SSL-\/TLS-Verschl\u00fcsselung<\/h2>\n\n\n\n<p>Diese Seite nutzt aus Sicherheitsgr\u00fcnden und zum Schutz der \u00dcbertragung vertraulicher Inhalte eine SSL- bzw. TLS-Verschl\u00fcsselung. Eine verschl\u00fcsselte Verbindung erkennen Sie daran, dass die Adresszeile des Browsers von &#8222;http:\/\/&#8220; auf &#8222;https:\/\/&#8220; wechselt und an dem Schloss-Symbol in Ihrer Browserzeile.<\/p>\n\n\n\n<h2 class=\"wp-block-heading\">9. Ihre Rechte als betroffene Person<\/h2>\n\n\n\n<p>Sie haben gegen\u00fcber uns folgende Rechte hinsichtlich der Sie betreffenden personenbezogenen Daten:<\/p>\n\n\n\n<ul class=\"wp-block-list\">\n<li><strong>Recht auf Auskunft<\/strong> (Art. 15 DSGVO): Sie haben das Recht, Auskunft \u00fcber die von uns zu Ihrer Person gespeicherten Daten zu erhalten.<\/li>\n<li><strong>Recht auf Berichtigung<\/strong> (Art. 16 DSGVO): Sie haben das Recht, unrichtige Daten berichtigen zu lassen.<\/li>\n<li><strong>Recht auf L\u00f6schung<\/strong> (Art. 17 DSGVO): Sie haben das Recht, die L\u00f6schung Ihrer bei uns gespeicherten Daten zu verlangen, soweit nicht die Verarbeitung zur Aus\u00fcbung des Rechts auf freie Meinungs\u00e4u\u00dferung, zur Erf\u00fcllung einer rechtlichen Verpflichtung oder aus Gr\u00fcnden des \u00f6ffentlichen Interesses erforderlich ist.<\/li>\n<li><strong>Recht auf Einschr\u00e4nkung der Verarbeitung<\/strong> (Art. 18 DSGVO): Sie haben das Recht, die Einschr\u00e4nkung der Verarbeitung Ihrer Daten zu verlangen.<\/li>\n<li><strong>Recht auf Daten\u00fcbertragbarkeit<\/strong> (Art. 20 DSGVO): Sie haben das Recht, die Sie betreffenden Daten in einem strukturierten, g\u00e4ngigen und maschinenlesbaren Format zu erhalten.<\/li>\n<li><strong>Widerspruchsrecht<\/strong> (Art. 21 DSGVO): Sie haben das Recht, jederzeit gegen die Verarbeitung Ihrer Daten Widerspruch einzulegen, sofern die Verarbeitung auf Grundlage von Art. 6 Abs. 1 S. 1 lit. e oder f DSGVO erfolgt.<\/li>\n<li><strong>Recht auf Widerruf der Einwilligung<\/strong> (Art. 7 Abs. 3 DSGVO): Sie haben das Recht, eine einmal erteilte Einwilligung jederzeit zu widerrufen.<\/li>\n<\/ul>\n\n\n\n<h2 class=\"wp-block-heading\">10. Beschwerderecht bei einer Aufsichtsbeh\u00f6rde<\/h2>\n\n\n\n<p>Unbeschadet eines anderweitigen verwaltungsrechtlichen oder gerichtlichen Rechtsbehelfs steht Ihnen das Recht auf Beschwerde bei einer Aufsichtsbeh\u00f6rde zu, wenn Sie der Ansicht sind, dass die Verarbeitung der Sie betreffenden personenbezogenen Daten gegen die DSGVO verst\u00f6\u00dft.<\/p>\n\n\n\n<p>Die f\u00fcr uns zust\u00e4ndige Aufsichtsbeh\u00f6rde ist:<br><strong>Die Landesbeauftragte f\u00fcr den Datenschutz Niedersachsen<\/strong><br>Prinzenstra\u00dfe 5<br>30159 Hannover<br>Telefon: +49 (0)511 120-4500<br>E-Mail: poststelle@lfd.niedersachsen.de<\/p>\n\n\n\n<h2 class=\"wp-block-heading\">11. \u00c4nderung dieser Datenschutzerkl\u00e4rung<\/h2>\n\n\n\n<p>Diese Datenschutzerkl\u00e4rung ist aktuell g\u00fcltig. Durch Weiterentwicklung der Website oder gesetzliche \u00c4nderungen kann eine Anpassung erforderlich werden. Die jeweils aktuelle Datenschutzerkl\u00e4rung kann jederzeit auf dieser Seite abgerufen werden.<\/p>\n\n\n\n<p><em>Stand: M\u00e4rz 2026<\/em><\/p>","protected":false},"excerpt":{"rendered":"<p>1. Verantwortlicher Verantwortlicher im Sinne der Datenschutz-Grundverordnung (DSGVO) ist: Humusguru GmbHWerner-Baumbach-Stra\u00dfe 4149661 CloppenburgDeutschland Gesch\u00e4ftsf\u00fchrer: Bernhard AumannE-Mail: info@humusguru.comTelefon: +49 (0)4474 9495 50 2. Allgemeine Hinweise zur Datenverarbeitung Wir nehmen den Schutz Ihrer pers\u00f6nlichen Daten sehr ernst und behandeln Ihre personenbezogenen Daten vertraulich und entsprechend der gesetzlichen Datenschutzvorschriften sowie dieser Datenschutzerkl\u00e4rung. Die Nutzung unserer Website ist in [&hellip;]<\/p>\n","protected":false},"author":1,"featured_media":0,"parent":0,"menu_order":0,"comment_status":"closed","ping_status":"open","template":"elementor_header_footer","meta":{"footnotes":""},"class_list":["post-3","page","type-page","status-publish","hentry"],"blocksy_meta":[],"_links":{"self":[{"href":"https:\/\/humusguru.com\/en\/wp-json\/wp\/v2\/pages\/3","targetHints":{"allow":["GET"]}}],"collection":[{"href":"https:\/\/humusguru.com\/en\/wp-json\/wp\/v2\/pages"}],"about":[{"href":"https:\/\/humusguru.com\/en\/wp-json\/wp\/v2\/types\/page"}],"author":[{"embeddable":true,"href":"https:\/\/humusguru.com\/en\/wp-json\/wp\/v2\/users\/1"}],"replies":[{"embeddable":true,"href":"https:\/\/humusguru.com\/en\/wp-json\/wp\/v2\/comments?post=3"}],"version-history":[{"count":2,"href":"https:\/\/humusguru.com\/en\/wp-json\/wp\/v2\/pages\/3\/revisions"}],"predecessor-version":[{"id":1864,"href":"https:\/\/humusguru.com\/en\/wp-json\/wp\/v2\/pages\/3\/revisions\/1864"}],"wp:attachment":[{"href":"https:\/\/humusguru.com\/en\/wp-json\/wp\/v2\/media?parent=3"}],"curies":[{"name":"wp","href":"https:\/\/api.w.org\/{rel}","templated":true}]}}